{"id":249,"date":"2021-02-22T14:52:40","date_gmt":"2021-02-22T13:52:40","guid":{"rendered":"https:\/\/reserves.ager.cat\/?page_id=249"},"modified":"2021-02-22T14:55:15","modified_gmt":"2021-02-22T13:55:15","slug":"politica-de-cookies","status":"publish","type":"page","link":"https:\/\/reserves.ager.cat\/index.php\/politica-de-cookies\/?lang=es","title":{"rendered":"Pol\u00edtica de cookies"},"content":{"rendered":"<h4 class=\"fusion-responsive-typography-calculated\" data-fontsize=\"22\" data-lineheight=\"29.92px\">USO DE COOKIES Y SU CONSENTIMIENTO:<\/h4>\n<p>\u2022\u00a0<strong>Ager<\/strong>\u00a0puede recopilar informaci\u00f3n sobre los h\u00e1bitos de b\u00fasqueda de los usuarios de la Web a trav\u00e9s de cookies o archivos de registro. Las cookies no se utilizar\u00e1n para recopilar informaci\u00f3n personal.<\/p>\n<p>\u2022 Solo se instalar\u00e1n si el Usuario permanece y contin\u00faa navegando en nuestro sitio web, entendiendo que acepta su uso e instalaci\u00f3n. A continuaci\u00f3n proporcionamos informaci\u00f3n detallada sobre qu\u00e9 son las \u00abcookies\u00bb, el tipo que utiliza este sitio web, c\u00f3mo puede deshabilitarlas en el navegador y c\u00f3mo bloquear espec\u00edficamente la instalaci\u00f3n de cookies de terceros.<\/p>\n<p>\u2022 Las cookies son peque\u00f1os archivos de texto generados por las p\u00e1ginas web que visita, que contienen los datos de la sesi\u00f3n que pueden ser \u00fatiles m\u00e1s adelante en la p\u00e1gina web. Los datos permiten al sitio web mantener su informaci\u00f3n entre las p\u00e1ginas y tambi\u00e9n analizar la forma de interactuar con el sitio.<\/p>\n<p>\u2022 Las cookies son seguras porque solo pueden almacenar la informaci\u00f3n que fue implementada por el navegador, que es informaci\u00f3n que el usuario ha ingresado en el navegador o que est\u00e1 incluida en la solicitud de la p\u00e1gina. No pueden ejecutar c\u00f3digo y no pueden usarse para acceder a su computadora.<\/p>\n<p>\u2022 Las cookies son esenciales para el funcionamiento de Internet, ya que brindan innumerables ventajas en la prestaci\u00f3n de servicios interactivos, facilitando la navegaci\u00f3n y la usabilidad de la web. Las cookies no pueden da\u00f1ar su computadora y activarse ayuda a identificar y resolver errores.<\/p>\n<p>\u2022 A continuaci\u00f3n, <strong>Ager<\/strong>\u00a0\u00a0proporciona m\u00e1s informaci\u00f3n para que se comprendan mejor los diferentes tipos de cookies que se pueden utilizar:<\/p>\n<p>\u2013 Cookies de sesi\u00f3n: son cookies temporales que permanecen en el archivo de cookies del navegador hasta que se abandona la p\u00e1gina web, por lo que ninguna queda registrada en el disco duro del usuario. La informaci\u00f3n obtenida a trav\u00e9s de estas cookies se utiliza para analizar patrones de tr\u00e1fico en la web. A la larga, esto permite proporcionar una mejor experiencia para mejorar el contenido y facilitar su uso.<\/p>\n<p>A continuaci\u00f3n, publicamos una lista de las principales cookies existentes, distinguiendo:<\/p>\n<p>\u2013 Cookies estrictamente necesarias, como las que se utilizan para la navegaci\u00f3n correcta o las cookies que se utilizan para garantizar que el contenido del sitio web se cargue efectivamente.<\/p>\n<p>\u2013 Cookies de terceros, como las utilizadas por las redes sociales, o suplementos de contenido externo.<\/p>\n<p>\u2013 Cookies anal\u00edticas para fines de mantenimiento peri\u00f3dico y, a fin de garantizar el mejor servicio posible al usuario, con las que los sitios web recopilan datos estad\u00edsticos de la actividad.<\/p>\n<p>\u00b7 Todos los navegadores de Internet le permiten limitar el comportamiento de una cookie o deshabilitar las cookies dentro de la configuraci\u00f3n o las opciones del navegador. Los pasos para hacerlo son diferentes para cada navegador, pudiendo encontrar instrucciones en el men\u00fa de ayuda de su navegador.<\/p>\n<p>Muchos navegadores le permiten activar un modo privado a trav\u00e9s del cual las cookies siempre se eliminan despu\u00e9s de la visita. Dependiendo del navegador, este modo privado puede tener diferentes nombres.<\/p>\n<p>A continuaci\u00f3n puede encontrar una lista de los navegadores m\u00e1s comunes con un enlace a la configuraci\u00f3n de cookies y los diferentes nombres de este \u00abmodo privado\u00bb:<\/p>\n<p>Internet Explorer 8 y superior; InPrivate<\/p>\n<p>http:\/\/windows.microsoft.com\/es-es\/windows-vista\/block-or-allow-cookies<\/p>\n<p>Safari 2 y superior; Navegaci\u00f3n privada<\/p>\n<p>http:\/\/support.apple.com\/kb\/ht1677?viewlocale=es_en&#038;locale=es_en<\/p>\n<p>Opera 10.5 y superior; Navegaci\u00f3n privada<\/p>\n<p>http:\/\/help.opera.com\/Windows\/11.50\/es-ES\/cookies.html<\/p>\n<p>FireFox 3.5 y superior; Navegaci\u00f3n privada<\/p>\n<p>http:\/\/support.mozilla.org\/es\/kb\/habilitar-y-deshabilitar-cookies-que-los-sitios-we<\/p>\n<p>Google Chrome 10 y superior; Incognito<\/p>\n<p>https:\/\/support.google.com\/chrome\/answer\/95647?hl=en<\/p>\n","protected":false},"excerpt":{"rendered":"<p>USO DE COOKIES Y SU CONSENTIMIENTO: \u2022\u00a0Ager\u00a0puede recopilar informaci\u00f3n sobre los h\u00e1bitos de b\u00fasqueda de los usuarios de la Web a trav\u00e9s de cookies o archivos de registro. Las cookies no se utilizar\u00e1n para recopilar informaci\u00f3n personal. \u2022 Solo se instalar\u00e1n si el Usuario permanece y contin\u00faa navegando en nuestro sitio web, entendiendo que acepta [&hellip;]<\/p>\n","protected":false},"author":1,"featured_media":0,"parent":0,"menu_order":0,"comment_status":"closed","ping_status":"closed","template":"","meta":{"spay_email":"","footnotes":""},"class_list":["post-249","page","type-page","status-publish","hentry"],"_links":{"self":[{"href":"https:\/\/reserves.ager.cat\/index.php\/wp-json\/wp\/v2\/pages\/249","targetHints":{"allow":["GET"]}}],"collection":[{"href":"https:\/\/reserves.ager.cat\/index.php\/wp-json\/wp\/v2\/pages"}],"about":[{"href":"https:\/\/reserves.ager.cat\/index.php\/wp-json\/wp\/v2\/types\/page"}],"author":[{"embeddable":true,"href":"https:\/\/reserves.ager.cat\/index.php\/wp-json\/wp\/v2\/users\/1"}],"replies":[{"embeddable":true,"href":"https:\/\/reserves.ager.cat\/index.php\/wp-json\/wp\/v2\/comments?post=249"}],"version-history":[{"count":3,"href":"https:\/\/reserves.ager.cat\/index.php\/wp-json\/wp\/v2\/pages\/249\/revisions"}],"predecessor-version":[{"id":252,"href":"https:\/\/reserves.ager.cat\/index.php\/wp-json\/wp\/v2\/pages\/249\/revisions\/252"}],"wp:attachment":[{"href":"https:\/\/reserves.ager.cat\/index.php\/wp-json\/wp\/v2\/media?parent=249"}],"curies":[{"name":"wp","href":"https:\/\/api.w.org\/{rel}","templated":true}]}}