{"id":134,"date":"2021-01-29T11:19:36","date_gmt":"2021-01-29T10:19:36","guid":{"rendered":"https:\/\/ager.compsaonline.com\/index.php\/motor-de-reservesmotor-de-reserves\/"},"modified":"2025-03-14T10:39:43","modified_gmt":"2025-03-14T09:39:43","slug":"motor-de-reservesmotor-de-reserves","status":"publish","type":"page","link":"https:\/\/reserves.ager.cat\/index.php\/motor-de-reservesmotor-de-reserves\/?lang=en","title":{"rendered":"Motor de reservesMotor de reserves"},"content":{"rendered":"<div style=\"width: 100%;\"><style>\r\n    .bookme-form-error,\r\n    .bookme-steps > li,\r\n    .bookme-steps > li.bookme-steps-is-active:before,\r\n    .bookme-modal a {\r\n        color: #6BB6FF !important;\r\n    }\r\n\r\n    .bookme-booking-form .bookme-error,\r\n    .bookme-steps > li:before,\r\n    .bookme-steps > li.bookme-steps-is-active:before {\r\n        border-color: #6BB6FF !important;\r\n    }\r\n\r\n    .bookme-button,\r\n    .bookme-booking-form .bookme-box-loader .bookme-loader:after,\r\n    .bookme-booking-form .bookme-calendar.bookme-loader:after,\r\n    .bookme-steps > li:before,\r\n    .bookme-steps > li:after{\r\n        background-color: #6BB6FF !important;\r\n    }\r\n\r\n    .clndr .clndr-controls,\r\n    .clndr .clndr-table tr .day:hover,\r\n    .clndr .clndr-table tr .day.selected.event,\r\n    .clndr .clndr-table tr .next-month:hover,\r\n    .clndr .clndr-table tr .day.selected {\r\n        background-color: #6BB6FF;\r\n    }\r\n\r\n    .bookme-button,\r\n    .bookme-steps > li:before{\r\n        color: #FFFFFF !important;\r\n    }\r\n\r\n    .clndr .clndr-controls .clndr-month,\r\n    .clndr .clndr-controls .clndr-control-button span,\r\n    .clndr .clndr-table tr .day:hover,\r\n    .clndr .clndr-table tr .day.selected.event,\r\n    .clndr .clndr-table tr .day.selected,\r\n    .clndr .clndr-table tr .day .selected .event .day-contents {\r\n        color: #FFFFFF;\r\n    }\r\n\r\n    .bookme-booking-form .bookme-loader:after {\r\n        background-color: #FFFFFF !important;\r\n    }\r\n    \r\n    .bookme-steps > li.bookme-steps-is-active:before {\r\n        background-color: transparent !important;\r\n    }\r\n<\/style>\r\n<div id=\"bookme-booking-form-69e075b2dd015\" class=\"bookme-booking-form\" data-form_id=\"69e075b2dd015\"><div class=\"bookme-box-loader\"><div class=\"bookme-loader\"><\/div><\/div><\/div>\r\n<script>\r\n    (function ($) {\r\n        window.bookme(\r\n            \"69e075b2dd015\",\r\n            {\"category_id\":1,\"service_id\":0,\"staff_member_id\":0,\"hide_categories\":true,\"hide_services\":false,\"hide_staff_members\":true,\"show_number_of_persons\":true,\"show_service_duration\":false},\r\n            {\"service_left\":0},\r\n            {\"status\":\"new\"}        );\r\n    })(jQuery);\r\n<\/script><\/div>\n<h2>Information:<\/h2>\n<p>Guided tours to the old town of the village, the Sant Vicen\u00e7 Church and entrance to the Collegiate Church of Sant Pere d&#8217;\u00c0ger. Departure at 11am from Portal del Pedr\u00f3 to start the town tour and ends with the entrance to the Collegiate Church. <strong>5\u20ac per person. WITH PRIOR RESERVATION.<\/strong><\/p>\n<p>From 12am to 2pm entrance to the Collegiate Church of Sant Pere d&#8217;\u00c0ger. <strong>3\u20ac per person. NO NEED TO BOOK IN ADVANCE.<\/strong><\/p>\n<p>FOR MORE INFORMATION, SEE <a href=\"https:\/\/www.ager.cat\/descobreix\/visites-a-la-col-legiata-i-al-casc-antic\" target=\"_blank\" rel=\"noopener\">THE CULTURAL VISITS SECTION<\/a><\/p>\n<p><img loading=\"lazy\" decoding=\"async\" class=\"alignnone wp-image-1149 size-large\" src=\"https:\/\/reserves.ager.cat\/wp-content\/uploads\/2025\/03\/Cartell-visites-culturals-temporada-2025-724x1024.png\" alt=\"\" width=\"696\" height=\"984\" srcset=\"https:\/\/reserves.ager.cat\/wp-content\/uploads\/2025\/03\/Cartell-visites-culturals-temporada-2025-724x1024.png 724w, https:\/\/reserves.ager.cat\/wp-content\/uploads\/2025\/03\/Cartell-visites-culturals-temporada-2025-212x300.png 212w, https:\/\/reserves.ager.cat\/wp-content\/uploads\/2025\/03\/Cartell-visites-culturals-temporada-2025-768x1086.png 768w, https:\/\/reserves.ager.cat\/wp-content\/uploads\/2025\/03\/Cartell-visites-culturals-temporada-2025-1086x1536.png 1086w, https:\/\/reserves.ager.cat\/wp-content\/uploads\/2025\/03\/Cartell-visites-culturals-temporada-2025-600x849.png 600w, https:\/\/reserves.ager.cat\/wp-content\/uploads\/2025\/03\/Cartell-visites-culturals-temporada-2025.png 1414w\" sizes=\"auto, (max-width: 696px) 100vw, 696px\" \/><\/p>\n<p>&nbsp;<\/p>\n","protected":false},"excerpt":{"rendered":"<p>Information: Guided tours to the old town of the village, the Sant Vicen\u00e7 Church and entrance to the Collegiate Church of Sant Pere d&#8217;\u00c0ger. Departure at 11am from Portal del Pedr\u00f3 to start the town tour and ends with the entrance to the Collegiate Church. 5\u20ac per person. WITH PRIOR RESERVATION. From 12am to 2pm [&hellip;]<\/p>\n","protected":false},"author":1,"featured_media":0,"parent":0,"menu_order":0,"comment_status":"closed","ping_status":"closed","template":"","meta":{"spay_email":"","footnotes":""},"class_list":["post-134","page","type-page","status-publish","hentry"],"_links":{"self":[{"href":"https:\/\/reserves.ager.cat\/index.php\/wp-json\/wp\/v2\/pages\/134","targetHints":{"allow":["GET"]}}],"collection":[{"href":"https:\/\/reserves.ager.cat\/index.php\/wp-json\/wp\/v2\/pages"}],"about":[{"href":"https:\/\/reserves.ager.cat\/index.php\/wp-json\/wp\/v2\/types\/page"}],"author":[{"embeddable":true,"href":"https:\/\/reserves.ager.cat\/index.php\/wp-json\/wp\/v2\/users\/1"}],"replies":[{"embeddable":true,"href":"https:\/\/reserves.ager.cat\/index.php\/wp-json\/wp\/v2\/comments?post=134"}],"version-history":[{"count":9,"href":"https:\/\/reserves.ager.cat\/index.php\/wp-json\/wp\/v2\/pages\/134\/revisions"}],"predecessor-version":[{"id":1169,"href":"https:\/\/reserves.ager.cat\/index.php\/wp-json\/wp\/v2\/pages\/134\/revisions\/1169"}],"wp:attachment":[{"href":"https:\/\/reserves.ager.cat\/index.php\/wp-json\/wp\/v2\/media?parent=134"}],"curies":[{"name":"wp","href":"https:\/\/api.w.org\/{rel}","templated":true}]}}